{"id":16,"date":"2017-09-28T18:46:46","date_gmt":"2017-09-28T16:46:46","guid":{"rendered":"http:\/\/www.xtreme-mobile-disco.com\/?page_id=16"},"modified":"2023-10-03T18:14:30","modified_gmt":"2023-10-03T16:14:30","slug":"startseite","status":"publish","type":"page","link":"https:\/\/www.xtreme-mobile-disco.com\/","title":{"rendered":"Herzlich willkommen"},"content":{"rendered":"<p><strong>bei Xtreme das Disco party team!<\/strong><\/p>\n<p>Ihrem Partner f\u00fcr exklusive Musik und Beleuchtung, ma\u00dfgeschneidert f\u00fcr anspruchsvolle Veranstaltungen in ganz \u00d6sterreich.<\/p>\n<p>Unsere Services sind:<\/p>\n<ul>\n<li>Dj Service (Hochzeiten, Firmenfeiern, Geburtstage)<\/li>\n<li>Beleuchtung und Beschallungstechnik f\u00fcr Privatfeiern bis hin zum Gro\u00dfevent<\/li>\n<li>Eventorganisation ( Catering, Eventlocations f\u00fcr Privat und Firmenfeiern)<\/li>\n<\/ul>\n<p><img loading=\"lazy\" decoding=\"async\" class=\"alignnone size-medium wp-image-55\" src=\"https:\/\/www.xtreme-mobile-disco.com\/wp-content\/uploads\/2017\/09\/cropped-cropped-Thomas-Stiegler-MSc-300x180.jpg\" alt=\"\" width=\"300\" height=\"180\" srcset=\"https:\/\/www.xtreme-mobile-disco.com\/wp-content\/uploads\/2017\/09\/cropped-cropped-Thomas-Stiegler-MSc-300x180.jpg 300w, https:\/\/www.xtreme-mobile-disco.com\/wp-content\/uploads\/2017\/09\/cropped-cropped-Thomas-Stiegler-MSc-768x461.jpg 768w, https:\/\/www.xtreme-mobile-disco.com\/wp-content\/uploads\/2017\/09\/cropped-cropped-Thomas-Stiegler-MSc-1024x614.jpg 1024w, https:\/\/www.xtreme-mobile-disco.com\/wp-content\/uploads\/2017\/09\/cropped-cropped-Thomas-Stiegler-MSc.jpg 2000w\" sizes=\"auto, (max-width: 300px) 85vw, 300px\" \/><\/p>\n<p>Mit freundlichen Gr\u00fc\u00dfen<\/p>\n<p>Thomas Stiegler MSc.<\/p>\n<p>Gesch\u00e4ftsf\u00fchrer<\/p>\n","protected":false},"excerpt":{"rendered":"<p>bei Xtreme das Disco party team! Ihrem Partner f\u00fcr exklusive Musik und Beleuchtung, ma\u00dfgeschneidert f\u00fcr anspruchsvolle Veranstaltungen in ganz \u00d6sterreich. Unsere Services sind: Dj Service (Hochzeiten, Firmenfeiern, Geburtstage) Beleuchtung und Beschallungstechnik f\u00fcr Privatfeiern bis hin zum Gro\u00dfevent Eventorganisation ( Catering, Eventlocations f\u00fcr Privat und Firmenfeiern) Mit freundlichen Gr\u00fc\u00dfen Thomas Stiegler MSc. Gesch\u00e4ftsf\u00fchrer<\/p>\n","protected":false},"author":1,"featured_media":0,"parent":0,"menu_order":0,"comment_status":"closed","ping_status":"closed","template":"","meta":{"footnotes":""},"class_list":["post-16","page","type-page","status-publish","hentry"],"_links":{"self":[{"href":"https:\/\/www.xtreme-mobile-disco.com\/index.php?rest_route=\/wp\/v2\/pages\/16","targetHints":{"allow":["GET"]}}],"collection":[{"href":"https:\/\/www.xtreme-mobile-disco.com\/index.php?rest_route=\/wp\/v2\/pages"}],"about":[{"href":"https:\/\/www.xtreme-mobile-disco.com\/index.php?rest_route=\/wp\/v2\/types\/page"}],"author":[{"embeddable":true,"href":"https:\/\/www.xtreme-mobile-disco.com\/index.php?rest_route=\/wp\/v2\/users\/1"}],"replies":[{"embeddable":true,"href":"https:\/\/www.xtreme-mobile-disco.com\/index.php?rest_route=%2Fwp%2Fv2%2Fcomments&post=16"}],"version-history":[{"count":17,"href":"https:\/\/www.xtreme-mobile-disco.com\/index.php?rest_route=\/wp\/v2\/pages\/16\/revisions"}],"predecessor-version":[{"id":222,"href":"https:\/\/www.xtreme-mobile-disco.com\/index.php?rest_route=\/wp\/v2\/pages\/16\/revisions\/222"}],"wp:attachment":[{"href":"https:\/\/www.xtreme-mobile-disco.com\/index.php?rest_route=%2Fwp%2Fv2%2Fmedia&parent=16"}],"curies":[{"name":"wp","href":"https:\/\/api.w.org\/{rel}","templated":true}]}}